{"id":1368,"date":"2025-11-25T21:50:12","date_gmt":"2025-11-25T15:50:12","guid":{"rendered":"https:\/\/inotek.me\/?page_id=1368"},"modified":"2026-04-06T20:26:25","modified_gmt":"2026-04-06T20:26:25","slug":"contact","status":"publish","type":"page","link":"https:\/\/istanbulnetworks.com.tr\/en\/contact\/","title":{"rendered":"Contact"},"content":{"rendered":"\t\t<div data-elementor-type=\"wp-page\" data-elementor-id=\"1368\" class=\"elementor elementor-1368\">\n\t\t\t\t<div class=\"elementor-element elementor-element-388b72d e-con-full e-flex e-con e-parent\" data-id=\"388b72d\" data-element_type=\"container\" data-e-type=\"container\">\n\t\t\t\t<div class=\"elementor-element elementor-element-37c9b5e elementor-widget elementor-widget-inotek-contact\" data-id=\"37c9b5e\" data-element_type=\"widget\" data-e-type=\"widget\" data-widget_type=\"inotek-contact.default\">\n\t\t\t\t<div class=\"elementor-widget-container\">\n\t\t\t\t\t\t\t<!--==============================\r\n        Contact Section Inner\r\n        ==============================-->\r\n        <section class=\"tv-contact-section inner space bg-light\">\r\n            <div class=\"container\">\r\n                <div class=\"row gy-30\">\r\n                    <div class=\"col-lg-5\">\r\n                        <div class=\"contact-content-wrap\">\r\n\t\t\t\t\t\t\t\t\t\t\t\t\t\t\t<!-- Section Title -->\r\n\t\t\t\t\t\t\t\t<div class=\"title-wrap\" data-wow-duration=\"1.5s\" data-wow-delay=\".4s\">\r\n\t\t\t\t\t\t\t\t\t\t\t\t\t\t\t\t\t\t\t\t\t\t\t\t\t\t\t\t<h2 class=\"sec-title\">Get in Touch with <br>Istanbul Networks<\/h2>\r\n\t\t\t\t\t\t\t\t\t\t\t\t\t\t\t\t\t\t\t\t\t\t\t\t\t\t\t\t<p class=\"sec-text\">We\u2019re always ready to help your business. Let\u2019s talk<\/p>\r\n\t\t\t\t\t\t\t\t\t\t\t\t\t\t\t\t\t<\/div>\r\n\t\t\t\t\t\t\t\t\t\t\t\t\t\t                            <div class=\"contact-info\">\r\n                                                                    <div class=\"contact-item\">\r\n                                        <div class=\"icon\">\r\n                                                                                            <i aria-hidden=\"true\" class=\"falight fa- fa-light fa-location-dot\"><\/i>                                                                                    <\/div>\r\n                                        <div class=\"info\">\r\n                                            <h4 class=\"title\">Our Address<\/h4>\r\n                                            <div class=\"content\">\r\n                                                Tomton mh. Istiklal cd. Beyo\u011flu \u0130\u015f Merkezi\n<br>No:187\/147 Beyo\u011flu, Istanbul\/T\u00fcrkiye                                            <\/div>\r\n                                        <\/div>\r\n                                    <\/div>\r\n                                                                    <div class=\"contact-item\">\r\n                                        <div class=\"icon\">\r\n                                                                                            <i aria-hidden=\"true\" class=\"falight fa- fa-light fa-circle-phone\"><\/i>                                                                                    <\/div>\r\n                                        <div class=\"info\">\r\n                                            <h4 class=\"title\">Call us Anytime<\/h4>\r\n                                            <div class=\"content\">\r\n                                                Corporate &amp; Consulting: <a href=\"tel:+902129510388\">+90 212 951 03 88<\/a>\n<br>\n\n                                            <\/div>\r\n                                        <\/div>\r\n                                    <\/div>\r\n                                                                    <div class=\"contact-item\">\r\n                                        <div class=\"icon\">\r\n                                                                                            <i aria-hidden=\"true\" class=\"falight fa- fa-light fa-envelope\"><\/i>                                                                                    <\/div>\r\n                                        <div class=\"info\">\r\n                                            <h4 class=\"title\">Send E-Mail<\/h4>\r\n                                            <div class=\"content\">\r\n                                                <a href=\"mailto:info@istanbulnetworks.com.tr\">info@istanbulnetworks.com.tr<\/a>                                            <\/div>\r\n                                        <\/div>\r\n                                    <\/div>\r\n                                                            <\/div>\r\n\t\t\t\t\t\t\t\t\t\t\t\t\t\t                        <\/div>\r\n                    <\/div>\r\n                    <div class=\"col-lg-7\">\r\n                        <div class=\"contact-form\">\r\n\t\t\t\t\t\t\t\t\t\t\t\t\t\t\t<h2 class=\"title mt--5 mb-35\">Send us message<\/h2>\r\n\t\t\t\t\t\t\t\t\t\t\t\t\t\t\t\t\t\t\t\t\t\t\n<div class=\"wpcf7 no-js\" id=\"wpcf7-f1371-o1\" lang=\"en-US\" dir=\"ltr\" data-wpcf7-id=\"1371\">\n<div class=\"screen-reader-response\"><p role=\"status\" aria-live=\"polite\" aria-atomic=\"true\"><\/p> <ul><\/ul><\/div>\n<form action=\"\/en\/wp-json\/wp\/v2\/pages\/1368#wpcf7-f1371-o1\" method=\"post\" class=\"wpcf7-form init\" aria-label=\"Contact form\" novalidate=\"novalidate\" data-status=\"init\">\n<fieldset class=\"hidden-fields-container\"><input type=\"hidden\" name=\"_wpcf7\" value=\"1371\" \/><input type=\"hidden\" name=\"_wpcf7_version\" value=\"6.1.5\" \/><input type=\"hidden\" name=\"_wpcf7_locale\" value=\"en_US\" \/><input type=\"hidden\" name=\"_wpcf7_unit_tag\" value=\"wpcf7-f1371-o1\" \/><input type=\"hidden\" name=\"_wpcf7_container_post\" value=\"0\" \/><input type=\"hidden\" name=\"_wpcf7_posted_data_hash\" value=\"\" \/>\n<\/fieldset>\n<div class=\"form-grid\">\n    <div class=\"form-group\">\n        <span class=\"icon\"><i class=\"fa-slab-press fa-regular fa-user\"><\/i><\/span>\n        <span class=\"wpcf7-form-control-wrap\" data-name=\"your-name\"><input size=\"40\" maxlength=\"400\" class=\"wpcf7-form-control wpcf7-text wpcf7-validates-as-required\" id=\"fullName\" aria-required=\"true\" aria-invalid=\"false\" placeholder=\"Your Name\" value=\"\" type=\"text\" name=\"your-name\" \/><\/span>\n    <\/div>\n\n    <div class=\"form-group\">\n        <span class=\"icon\"><i class=\"fa-regular fa-envelope\"><\/i><\/span>\n        <span class=\"wpcf7-form-control-wrap\" data-name=\"your-email\"><input size=\"40\" maxlength=\"400\" class=\"wpcf7-form-control wpcf7-email wpcf7-validates-as-required wpcf7-text wpcf7-validates-as-email\" id=\"userEmail\" aria-required=\"true\" aria-invalid=\"false\" placeholder=\"Email Address\" value=\"\" type=\"email\" name=\"your-email\" \/><\/span>\n    <\/div>\n<\/div>\n\n<div class=\"form-grid\">\n    <div class=\"form-group\">\n        <span class=\"icon\"><i class=\"fa-solid fa-phone\"><\/i><\/span>\n        <span class=\"wpcf7-form-control-wrap\" data-name=\"your-phone\"><input size=\"40\" maxlength=\"400\" class=\"wpcf7-form-control wpcf7-tel wpcf7-validates-as-required wpcf7-text wpcf7-validates-as-tel\" id=\"phone\" aria-required=\"true\" aria-invalid=\"false\" placeholder=\"Phone No.\" value=\"\" type=\"tel\" name=\"your-phone\" \/><\/span>\n    <\/div>\n\n    <div class=\"form-group\">\n        <span class=\"wpcf7-form-control-wrap\" data-name=\"service\"><select class=\"wpcf7-form-control wpcf7-select select2\" id=\"service\" aria-invalid=\"false\" name=\"service\"><option value=\"Select Service\">Select Service<\/option><option value=\"Digital Transformation Consulting\">Digital Transformation Consulting<\/option><option value=\"AI &amp; Automation Solutions\">AI &amp; Automation Solutions<\/option><option value=\"Cloud Infrastructure Planning\">Cloud Infrastructure Planning<\/option><option value=\"Data Analytics &amp; Insights\">Data Analytics &amp; Insights<\/option><option value=\"Custom Software Development\">Custom Software Development<\/option><\/select><\/span>\n    <\/div>\n<\/div>\n\n<div class=\"form-group\">\n    <span class=\"wpcf7-form-control-wrap\" data-name=\"your-message\"><textarea cols=\"40\" rows=\"10\" maxlength=\"2000\" class=\"wpcf7-form-control wpcf7-textarea wpcf7-validates-as-required\" id=\"msg\" aria-required=\"true\" aria-invalid=\"false\" placeholder=\"Write Message\" name=\"your-message\"><\/textarea><\/span>\n<\/div>\n\n<div class=\"form-group terms\">\n    <span class=\"wpcf7-form-control-wrap\" data-name=\"terms\"><span class=\"wpcf7-form-control wpcf7-acceptance\"><span class=\"wpcf7-list-item\"><label><input type=\"checkbox\" name=\"terms\" value=\"1\" id=\"terms\" aria-invalid=\"false\" \/><span class=\"wpcf7-list-item-label\">I agree to all terms and conditions.<\/span><\/label><\/span><\/span><\/span>\n<\/div>\n\n<button type=\"submit\" class=\"theme-btn mt-30\" data-loading-text=\"Please wait...\">\n    <span class=\"btn-title mr-10\">Submit Now<\/span>\n    <span class=\"arrow-all\">\n        <i>\n            <svg width=\"16\" height=\"19\" viewBox=\"0 0 12 12\" fill=\"none\" xmlns=\"[http:\/\/www.w3.org\/2000\/svg](http:\/\/www.w3.org\/2000\/svg)\">\n                <path d=\"M2 6H10M10 6L6 2M10 6L6 10\" stroke=\"#1053f3\" stroke-width=\"1.5\" stroke-linecap=\"round\" stroke-linejoin=\"round\"><\/path>\n            <\/svg>\n            <svg width=\"16\" height=\"19\" viewBox=\"0 0 12 12\" fill=\"none\" xmlns=\"[http:\/\/www.w3.org\/2000\/svg](http:\/\/www.w3.org\/2000\/svg)\">\n                <path d=\"M2 6H10M10 6L6 2M10 6L6 10\" stroke=\"#1053f3\" stroke-width=\"1.5\" stroke-linecap=\"round\" stroke-linejoin=\"round\"><\/path>\n            <\/svg>\n        <\/i>\n    <\/span>\n<\/button><p style=\"display: none !important;\" class=\"akismet-fields-container\" data-prefix=\"_wpcf7_ak_\"><label>&#916;<textarea name=\"_wpcf7_ak_hp_textarea\" cols=\"45\" rows=\"8\" maxlength=\"100\"><\/textarea><\/label><input type=\"hidden\" id=\"ak_js_1\" name=\"_wpcf7_ak_js\" value=\"206\"\/><script>document.getElementById( \"ak_js_1\" ).setAttribute( \"value\", ( new Date() ).getTime() );<\/script><\/p><div class=\"wpcf7-response-output\" aria-hidden=\"true\"><\/div>\n<\/form>\n<\/div>\n\t\t\t\t\t\t\t                        <\/div>\r\n                    <\/div>\r\n                <\/div>\r\n            <\/div>\r\n        <\/section>\r\n\t \t\t\t\t<\/div>\n\t\t\t\t<\/div>\n\t\t\t\t<\/div>\n\t\t<div class=\"elementor-element elementor-element-6a8cf7e e-con-full e-flex e-con e-parent\" data-id=\"6a8cf7e\" data-element_type=\"container\" data-e-type=\"container\">\n\t\t\t\t<div class=\"elementor-element elementor-element-4a60b84 elementor-widget elementor-widget-inotek-contact-map\" data-id=\"4a60b84\" data-element_type=\"widget\" data-e-type=\"widget\" data-widget_type=\"inotek-contact-map.default\">\n\t\t\t\t<div class=\"elementor-widget-container\">\n\t\t\t\t\t\r\n        <div class=\"tv-contact-map-wrapper\" style=\"position: relative; overflow: hidden;\">\r\n            <div class=\"tv-map-box\" style=\"position: relative; height: 100%; width: 100%; overflow: hidden;\">\r\n                <iframe\r\n                    class=\"tv-contact-map-iframe\"\r\n                    frameborder=\"0\"\r\n                    scrolling=\"no\"\r\n                    marginheight=\"0\"\r\n                    marginwidth=\"0\"\r\n                    src=\"https:\/\/maps.google.com\/maps?q=Istanbul+Networks+Tomtom%2C+%C4%B0stiklal+Cd.+No%3A187+D%3A147%2C+34433+Beyo%C4%9Flu%2F%C4%B0stanbul%2C+T%C3%BCrkiye&#038;t=m&#038;z=10&#038;output=embed&#038;iwloc=near\"\r\n                    title=\"Istanbul Networks Tomtom, \u0130stiklal Cd. No:187 D:147, 34433 Beyo\u011flu\/\u0130stanbul, T\u00fcrkiye\"\r\n                    aria-label=\"Istanbul Networks Tomtom, \u0130stiklal Cd. No:187 D:147, 34433 Beyo\u011flu\/\u0130stanbul, T\u00fcrkiye\"\r\n                    loading=\"lazy\"\r\n                    style=\"width: 100%; display: block;\"\r\n                ><\/iframe>\r\n            <\/div>\r\n        <\/div>\r\n        \t\t\t\t<\/div>\n\t\t\t\t<\/div>\n\t\t\t\t<\/div>\n\t\t<div class=\"elementor-element elementor-element-4ff100b e-con-full e-flex e-con e-parent\" data-id=\"4ff100b\" data-element_type=\"container\" data-e-type=\"container\">\n\t\t\t\t<div class=\"elementor-element elementor-element-48d1c8e elementor-widget elementor-widget-inotek-branch\" data-id=\"48d1c8e\" data-element_type=\"widget\" data-e-type=\"widget\" data-widget_type=\"inotek-branch.default\">\n\t\t\t\t<div class=\"elementor-widget-container\">\n\t\t\t\t\t        <section class=\"tv-branch-section space bg-light\">\r\n            <div class=\"container\">\r\n\t\t\t\t<!-- Section Title -->\r\n\t\t\t\t\t\t\t\t<div class=\"title-wrap three text-center\" data-wow-duration=\"1.5s\" data-wow-delay=\".4s\">\r\n\t\t\t\t\t\t\t\t\t\t<div class=\"sub-title-2 text-theme\">\r\n\t\t\t\t\t\t<i aria-hidden=\"true\" class=\"fa-solid fa-circle-check\"><\/i>\t\t\t\t\t\tOur Branches\t\t\t\t\t<\/div>\r\n\t\t\t\t\t\t\t\t\t\t\t\t\t\t\t\t<h2 class=\"sec-title\">Visit another branch Office<\/h2>\r\n\t\t\t\t\t\t\t\t\t\t\t\t\t\t<\/div>\r\n\t\t\t\t\r\n\t\t\t\t<div class=\"row gy-30\">\r\n\t\t\t\t\t\t\t\t\t\t\t<div class=\"col-lg-6 col-md- col-\">\r\n\t\t\t\t\t\t\t<div class=\"branch-single-box\">\r\n\r\n\t\t\t\t\t\t\t\t<div class=\"image-box\">\r\n\t\t\t\t\t\t\t\t\t\t\t\t\t\t\t\t\t\t\t<div class=\"image\">\r\n\t\t\t\t\t\t\t\t\t\t\t<img decoding=\"async\" src=\"https:\/\/istanbulnetworks.com.tr\/wp-content\/uploads\/2025\/11\/branch01.webp\" title=\"branch01\" alt=\"branch01\" loading=\"lazy\" \/>\t\t\t\t\t\t\t\t\t\t<\/div>\r\n\t\t\t\t\t\t\t\t\t\t\t\t\t\t\t\t\t<\/div>\r\n\r\n\t\t\t\t\t\t\t\t<div class=\"branch-content\">\r\n\t\t\t\t\t\t\t\t\t<div class=\"branch-header\">\r\n\t\t\t\t\t\t\t\t\t\t<h4 class=\"location-name\">Istanbul<\/h4>\r\n\t\t\t\t\t\t\t\t\t\t<p class=\"location-type\">HEAD QUARTERS<\/p>\r\n\t\t\t\t\t\t\t\t\t<\/div>\r\n\r\n\t\t\t\t\t\t\t\t\t<div class=\"divider\"><\/div>\r\n\r\n\t\t\t\t\t\t\t\t\t\t\t\t\t\t\t\t\t\t\t<p class=\"address\">Tomton mh. Istiklal cd. Beyo\u011flu \u0130\u015f Merkezi\n<br>No:187\/147 Beyo\u011flu, Istanbul\/T\u00fcrkiye<\/p>\r\n\t\t\t\t\t\t\t\t\t\r\n\t\t\t\t\t\t\t\t\t\t\t\t\t\t\t\t\t\t\t<div class=\"phone\">\r\n\t\t\t\t\t\t\t\t\t\t\t<a href=\"tel:+902129510388\">\r\n\t\t\t\t\t\t\t\t\t\t\t\t+90 212 951 03 88\t\t\t\t\t\t\t\t\t\t\t<\/a>\r\n\t\t\t\t\t\t\t\t\t\t<\/div>\r\n\t\t\t\t\t\t\t\t\t\r\n\t\t\t\t\t\t\t\t\t\t\t\t\t\t\t\t\t\t\t<div class=\"email\">\r\n\t\t\t\t\t\t\t\t\t\t\t<a href=\"mailto:info@istanbulnetworks.com.tr\">\r\n\t\t\t\t\t\t\t\t\t\t\t\tinfo@istanbulnetworks.com.tr\t\t\t\t\t\t\t\t\t\t\t<\/a>\r\n\t\t\t\t\t\t\t\t\t\t<\/div>\r\n\t\t\t\t\t\t\t\t\t\r\n\t\t\t\t\t\t\t\t<\/div>\r\n\t\t\t\t\t\t\t<\/div>\r\n\t\t\t\t\t\t<\/div>\r\n\t\t\t\t\t\t\t\t\t\t\t<div class=\"col-lg-6 col-md- col-\">\r\n\t\t\t\t\t\t\t<div class=\"branch-single-box\">\r\n\r\n\t\t\t\t\t\t\t\t<div class=\"image-box\">\r\n\t\t\t\t\t\t\t\t\t\t\t\t\t\t\t\t\t\t\t<div class=\"image\">\r\n\t\t\t\t\t\t\t\t\t\t\t<img decoding=\"async\" src=\"https:\/\/istanbulnetworks.com.tr\/wp-content\/uploads\/2025\/11\/branch02.webp\" title=\"branch02\" alt=\"branch02\" loading=\"lazy\" \/>\t\t\t\t\t\t\t\t\t\t<\/div>\r\n\t\t\t\t\t\t\t\t\t\t\t\t\t\t\t\t\t<\/div>\r\n\r\n\t\t\t\t\t\t\t\t<div class=\"branch-content\">\r\n\t\t\t\t\t\t\t\t\t<div class=\"branch-header\">\r\n\t\t\t\t\t\t\t\t\t\t<h4 class=\"location-name\">Bodrum<\/h4>\r\n\t\t\t\t\t\t\t\t\t\t<p class=\"location-type\">BRANCH<\/p>\r\n\t\t\t\t\t\t\t\t\t<\/div>\r\n\r\n\t\t\t\t\t\t\t\t\t<div class=\"divider\"><\/div>\r\n\r\n\t\t\t\t\t\t\t\t\t\t\t\t\t\t\t\t\t\t\t<p class=\"address\">G\u00fcmbet mh. Mister Hadi sk. <br>No:11 C3,\nBodrum Mu\u011fla\/T\u00fcrkiye<\/p>\r\n\t\t\t\t\t\t\t\t\t\r\n\t\t\t\t\t\t\t\t\t\t\t\t\t\t\t\t\t\t\t<div class=\"phone\">\r\n\t\t\t\t\t\t\t\t\t\t\t<a href=\"tel:+902129510388\">\r\n\t\t\t\t\t\t\t\t\t\t\t\t+90 212 951 03 88\t\t\t\t\t\t\t\t\t\t\t<\/a>\r\n\t\t\t\t\t\t\t\t\t\t<\/div>\r\n\t\t\t\t\t\t\t\t\t\r\n\t\t\t\t\t\t\t\t\t\t\t\t\t\t\t\t\t\t\t<div class=\"email\">\r\n\t\t\t\t\t\t\t\t\t\t\t<a href=\"mailto:info@istanbulnetworks.com.tr\">\r\n\t\t\t\t\t\t\t\t\t\t\t\tinfo@istanbulnetworks.com.tr\t\t\t\t\t\t\t\t\t\t\t<\/a>\r\n\t\t\t\t\t\t\t\t\t\t<\/div>\r\n\t\t\t\t\t\t\t\t\t\r\n\t\t\t\t\t\t\t\t<\/div>\r\n\t\t\t\t\t\t\t<\/div>\r\n\t\t\t\t\t\t<\/div>\r\n\t\t\t\t\t\t\t\t\t<\/div>\r\n            <\/div>\r\n\t\t<\/section>\r\n        \t\t\t\t<\/div>\n\t\t\t\t<\/div>\n\t\t\t\t<\/div>\n\t\t\t\t<\/div>\n\t\t","protected":false},"excerpt":{"rendered":"<p>Get in Touch with Istanbul Networks We\u2019re always ready to help your business. Let\u2019s talk Our Address Tomton mh. Istiklal cd. Beyo\u011flu \u0130\u015f Merkezi No:187\/147 Beyo\u011flu, Istanbul\/T\u00fcrkiye Call us Anytime Corporate &amp; Consulting: +90 212 951 03 88 Send E-Mail info@istanbulnetworks.com.tr Send us message Select ServiceDigital Transformation ConsultingAI &amp; Automation SolutionsCloud Infrastructure PlanningData Analytics &amp; [&hellip;]<\/p>\n","protected":false},"author":1,"featured_media":0,"parent":0,"menu_order":0,"comment_status":"closed","ping_status":"closed","template":"","meta":{"_acf_changed":false,"footnotes":""},"class_list":["post-1368","page","type-page","status-publish","hentry"],"acf":[],"_links":{"self":[{"href":"https:\/\/istanbulnetworks.com.tr\/en\/wp-json\/wp\/v2\/pages\/1368","targetHints":{"allow":["GET"]}}],"collection":[{"href":"https:\/\/istanbulnetworks.com.tr\/en\/wp-json\/wp\/v2\/pages"}],"about":[{"href":"https:\/\/istanbulnetworks.com.tr\/en\/wp-json\/wp\/v2\/types\/page"}],"author":[{"embeddable":true,"href":"https:\/\/istanbulnetworks.com.tr\/en\/wp-json\/wp\/v2\/users\/1"}],"replies":[{"embeddable":true,"href":"https:\/\/istanbulnetworks.com.tr\/en\/wp-json\/wp\/v2\/comments?post=1368"}],"version-history":[{"count":24,"href":"https:\/\/istanbulnetworks.com.tr\/en\/wp-json\/wp\/v2\/pages\/1368\/revisions"}],"predecessor-version":[{"id":4369,"href":"https:\/\/istanbulnetworks.com.tr\/en\/wp-json\/wp\/v2\/pages\/1368\/revisions\/4369"}],"wp:attachment":[{"href":"https:\/\/istanbulnetworks.com.tr\/en\/wp-json\/wp\/v2\/media?parent=1368"}],"curies":[{"name":"wp","href":"https:\/\/api.w.org\/{rel}","templated":true}]}}